{"id":40,"date":"2013-06-07T11:00:28","date_gmt":"2013-06-07T11:00:28","guid":{"rendered":"http:\/\/demo.woothemes.com\/woocommerce\/?post_type=product&#038;p=40"},"modified":"2016-12-01T04:08:09","modified_gmt":"2016-12-01T04:08:09","slug":"laduree-purple","status":"publish","type":"product","link":"https:\/\/organie.thememove.com\/flower\/product\/laduree-purple\/","title":{"rendered":"Laduree Purple"},"content":{"rendered":"<p>Uncover the surprise within. This Ladur\u00e9e Bloom-in-a-Box features a recessed medley of dreamy purple blooms with 4 pieces of delectable Ladur\u00e9e macarons in a Napol\u00e9on gift box. This double sweet surprise is revealed only when the box lid is lifted.<\/p>\n","protected":false},"excerpt":{"rendered":"<p>This Ladur\u00e9e Bloom-in-a-Box features a recessed medley of dreamy purple blooms with 4 pieces of delectable Ladur\u00e9e macarons in a Napol\u00e9on gift box.<\/p>\n","protected":false},"featured_media":1032,"comment_status":"open","ping_status":"closed","template":"","meta":[],"product_brand":[],"product_cat":[51],"product_tag":[76,83,74],"class_list":{"0":"post-40","1":"product","2":"type-product","3":"status-publish","4":"has-post-thumbnail","6":"product_cat-bloom-in-a-box","7":"product_tag-bloom-box","8":"product_tag-purple","9":"product_tag-rose","11":"first","12":"instock","13":"shipping-taxable","14":"purchasable","15":"product-type-simple"},"_links":{"self":[{"href":"https:\/\/organie.thememove.com\/flower\/wp-json\/wp\/v2\/product\/40","targetHints":{"allow":["GET"]}}],"collection":[{"href":"https:\/\/organie.thememove.com\/flower\/wp-json\/wp\/v2\/product"}],"about":[{"href":"https:\/\/organie.thememove.com\/flower\/wp-json\/wp\/v2\/types\/product"}],"replies":[{"embeddable":true,"href":"https:\/\/organie.thememove.com\/flower\/wp-json\/wp\/v2\/comments?post=40"}],"wp:featuredmedia":[{"embeddable":true,"href":"https:\/\/organie.thememove.com\/flower\/wp-json\/wp\/v2\/media\/1032"}],"wp:attachment":[{"href":"https:\/\/organie.thememove.com\/flower\/wp-json\/wp\/v2\/media?parent=40"}],"wp:term":[{"taxonomy":"product_brand","embeddable":true,"href":"https:\/\/organie.thememove.com\/flower\/wp-json\/wp\/v2\/product_brand?post=40"},{"taxonomy":"product_cat","embeddable":true,"href":"https:\/\/organie.thememove.com\/flower\/wp-json\/wp\/v2\/product_cat?post=40"},{"taxonomy":"product_tag","embeddable":true,"href":"https:\/\/organie.thememove.com\/flower\/wp-json\/wp\/v2\/product_tag?post=40"}],"curies":[{"name":"wp","href":"https:\/\/api.w.org\/{rel}","templated":true}]}}